{"id":390,"date":"2023-09-21T09:41:33","date_gmt":"2023-09-21T09:41:33","guid":{"rendered":"http:\/\/gonzagamedia.com\/?page_id=390"},"modified":"2026-03-08T18:44:03","modified_gmt":"2026-03-08T18:44:03","slug":"portfolio","status":"publish","type":"page","link":"https:\/\/gonzagamedia.com\/en\/portfolio\/","title":{"rendered":"Portfolio"},"content":{"rendered":"<div data-elementor-type=\"wp-page\" data-elementor-id=\"390\" class=\"elementor elementor-390\" data-elementor-post-type=\"page\">\n\t\t\t\t<div class=\"elementor-element elementor-element-5687b4f e-flex e-con-boxed e-con e-parent\" data-id=\"5687b4f\" data-element_type=\"container\" data-e-type=\"container\" data-settings=\"{&quot;background_background&quot;:&quot;classic&quot;}\">\n\t\t\t\t\t<div class=\"e-con-inner\">\n\t\t\t\t<div class=\"elementor-element elementor-element-d6f2059 elementor-widget elementor-widget-heading\" data-id=\"d6f2059\" data-element_type=\"widget\" data-e-type=\"widget\" data-widget_type=\"heading.default\">\n\t\t\t\t<div class=\"elementor-widget-container\">\n\t\t\t\t\t<h2 class=\"elementor-heading-title elementor-size-default\">Portfolio<\/h2>\t\t\t\t<\/div>\n\t\t\t\t<\/div>\n\t\t\t\t\t<\/div>\n\t\t\t\t<\/div>\n\t\t<div class=\"elementor-element elementor-element-7ff665b e-flex e-con-boxed e-con e-parent\" data-id=\"7ff665b\" data-element_type=\"container\" data-e-type=\"container\">\n\t\t\t\t\t<div class=\"e-con-inner\">\n\t\t\t\t<div class=\"elementor-element elementor-element-62348a9 elementor-widget elementor-widget-taxonomy-filter\" data-id=\"62348a9\" data-element_type=\"widget\" data-e-type=\"widget\" data-settings=\"{&quot;selected_element&quot;:&quot;a214b01&quot;,&quot;taxonomy&quot;:&quot;institucional&quot;,&quot;multiple_selection&quot;:&quot;no&quot;,&quot;horizontal_scroll&quot;:&quot;disable&quot;}\" data-widget_type=\"taxonomy-filter.default\">\n\t\t\t\t<div class=\"elementor-widget-container\">\n\t\t\t\t\t\t\t<search class=\"e-filter\" role=\"search\" data-base-url=\"https:\/\/gonzagamedia.com\/en\/\" data-page-num=\"1\">\n\t\t\t\t\t\t\t<button class=\"e-filter-item\" data-filter=\"criacao-de-websites\" aria-pressed=\"false\">Cria\u00e7\u00e3o de Websites<\/button>\n\t\t\t\t\t\t\t<button class=\"e-filter-item\" data-filter=\"fotografia\" aria-pressed=\"false\">Fotografia<\/button>\n\t\t\t\t\t\t\t<button class=\"e-filter-item\" data-filter=\"institucional\" aria-pressed=\"false\">Institucional<\/button>\n\t\t\t\t\t\t\t<button class=\"e-filter-item\" data-filter=\"video\" aria-pressed=\"false\">V\u00eddeo<\/button>\n\t\t\t\n\t\t\t\t\t\t\t\t\t<button class=\"e-filter-item\" data-filter=\"__all\" aria-pressed=\"true\">\n\t\t\t\tAll\t\t\t<\/button>\n\t\t\t\t\t<\/search>\n\t\t\t\t\t\t<\/div>\n\t\t\t\t<\/div>\n\t\t\t\t<div class=\"elementor-element elementor-element-a214b01 elementor-grid-3 elementor-grid-tablet-2 elementor-grid-mobile-1 elementor-widget elementor-widget-loop-grid\" data-id=\"a214b01\" data-element_type=\"widget\" data-e-type=\"widget\" data-settings=\"{&quot;template_id&quot;:609,&quot;columns&quot;:3,&quot;_skin&quot;:&quot;post&quot;,&quot;columns_tablet&quot;:&quot;2&quot;,&quot;columns_mobile&quot;:&quot;1&quot;,&quot;edit_handle_selector&quot;:&quot;[data-elementor-type=\\&quot;loop-item\\&quot;]&quot;,&quot;row_gap&quot;:{&quot;unit&quot;:&quot;px&quot;,&quot;size&quot;:&quot;&quot;,&quot;sizes&quot;:[]},&quot;row_gap_tablet&quot;:{&quot;unit&quot;:&quot;px&quot;,&quot;size&quot;:&quot;&quot;,&quot;sizes&quot;:[]},&quot;row_gap_mobile&quot;:{&quot;unit&quot;:&quot;px&quot;,&quot;size&quot;:&quot;&quot;,&quot;sizes&quot;:[]}}\" data-widget_type=\"loop-grid.post\">\n\t\t\t\t<div class=\"elementor-widget-container\">\n\t\t\t\t\t\t\t<div class=\"elementor-loop-container elementor-grid\">\n\t\t<style id=\"loop-dynamic-609\">.e-loop-item-2267 .elementor-element.elementor-element-3f6b8a2:not(.elementor-motion-effects-element-type-background), .e-loop-item-2267 .elementor-element.elementor-element-3f6b8a2 > .elementor-motion-effects-container > .elementor-motion-effects-layer{background-image:url(\"https:\/\/gonzagamedia.com\/wp-content\/uploads\/2026\/02\/IMG_9759-scaled.jpg\");}<\/style><style id=\"loop-609\">.elementor-609 .elementor-element.elementor-element-3f6b8a2{--display:flex;--min-height:450px;--flex-direction:column;--container-widget-width:calc( ( 1 - var( --container-widget-flex-grow ) ) * 100% );--container-widget-height:initial;--container-widget-flex-grow:0;--container-widget-align-self:initial;--flex-wrap-mobile:wrap;--justify-content:center;--align-items:center;--overlay-opacity:0.5;}.elementor-609 .elementor-element.elementor-element-3f6b8a2:not(.elementor-motion-effects-element-type-background), .elementor-609 .elementor-element.elementor-element-3f6b8a2 > .elementor-motion-effects-container > .elementor-motion-effects-layer{background-position:center center;background-repeat:no-repeat;background-size:cover;}.elementor-609 .elementor-element.elementor-element-3f6b8a2::before, .elementor-609 .elementor-element.elementor-element-3f6b8a2 > .elementor-background-video-container::before, .elementor-609 .elementor-element.elementor-element-3f6b8a2 > .e-con-inner > .elementor-background-video-container::before, .elementor-609 .elementor-element.elementor-element-3f6b8a2 > .elementor-background-slideshow::before, .elementor-609 .elementor-element.elementor-element-3f6b8a2 > .e-con-inner > .elementor-background-slideshow::before, .elementor-609 .elementor-element.elementor-element-3f6b8a2 > .elementor-motion-effects-container > .elementor-motion-effects-layer::before{--background-overlay:'';background-color:var( --e-global-color-9eee926 );}.elementor-609 .elementor-element.elementor-element-2cea7d0 img{max-width:40%;}@media(min-width:1025px){.elementor-609 .elementor-element.elementor-element-3f6b8a2:not(.elementor-motion-effects-element-type-background), .elementor-609 .elementor-element.elementor-element-3f6b8a2 > .elementor-motion-effects-container > .elementor-motion-effects-layer{background-attachment:scroll;}}<\/style>\t\t<div data-elementor-type=\"loop-item\" data-elementor-id=\"609\" class=\"elementor elementor-609 e-loop-item e-loop-item-2267 post-2267 projeto type-projeto status-publish has-post-thumbnail hentry\" data-elementor-post-type=\"elementor_library\" data-custom-edit-handle=\"1\">\n\t\t\t<a class=\"elementor-element elementor-element-3f6b8a2 e-flex e-con-boxed e-con e-parent\" data-id=\"3f6b8a2\" data-element_type=\"container\" data-e-type=\"container\" data-settings=\"{&quot;background_background&quot;:&quot;classic&quot;}\" href=\"https:\/\/gonzagamedia.com\/en\/projeto\/o-principe-dos-queijos\/\">\n\t\t\t\t\t<div class=\"e-con-inner\">\n\t\t\t\t<div class=\"elementor-element elementor-element-2cea7d0 elementor-widget elementor-widget-image\" data-id=\"2cea7d0\" data-element_type=\"widget\" data-e-type=\"widget\" data-widget_type=\"image.default\">\n\t\t\t\t<div class=\"elementor-widget-container\">\n\t\t\t\t\t\t\t\t\t\t\t\t\t\t\t<img decoding=\"async\" src=\"https:\/\/gonzagamedia.com\/wp-content\/uploads\/2026\/02\/Principe-dos-Queijos-LOGO.png\" title=\"Principe-dos-Queijos-LOGO\" alt=\"Principe-dos-Queijos-LOGO\" loading=\"lazy\" \/>\t\t\t\t\t\t\t\t\t\t\t\t\t\t\t<\/div>\n\t\t\t\t<\/div>\n\t\t\t\t\t<\/div>\n\t\t\t\t<\/a>\n\t\t\t\t<\/div>\n\t\t<style id=\"loop-dynamic-609\">.e-loop-item-640 .elementor-element.elementor-element-3f6b8a2:not(.elementor-motion-effects-element-type-background), .e-loop-item-640 .elementor-element.elementor-element-3f6b8a2 > .elementor-motion-effects-container > .elementor-motion-effects-layer{background-image:url(\"https:\/\/gonzagamedia.com\/wp-content\/uploads\/2023\/10\/quinta-das-raiadas.jpg\");}<\/style>\t\t<div data-elementor-type=\"loop-item\" data-elementor-id=\"609\" class=\"elementor elementor-609 e-loop-item e-loop-item-640 post-640 projeto type-projeto status-publish hentry\" data-elementor-post-type=\"elementor_library\" data-custom-edit-handle=\"1\">\n\t\t\t<a class=\"elementor-element elementor-element-3f6b8a2 e-flex e-con-boxed e-con e-parent\" data-id=\"3f6b8a2\" data-element_type=\"container\" data-e-type=\"container\" data-settings=\"{&quot;background_background&quot;:&quot;classic&quot;}\" href=\"https:\/\/gonzagamedia.com\/en\/projeto\/quinta-das-raiadas\/\">\n\t\t\t\t\t<div class=\"e-con-inner\">\n\t\t\t\t<div class=\"elementor-element elementor-element-2cea7d0 elementor-widget elementor-widget-image\" data-id=\"2cea7d0\" data-element_type=\"widget\" data-e-type=\"widget\" data-widget_type=\"image.default\">\n\t\t\t\t<div class=\"elementor-widget-container\">\n\t\t\t\t\t\t\t\t\t\t\t\t\t\t\t<img decoding=\"async\" src=\"https:\/\/gonzagamedia.com\/wp-content\/uploads\/2023\/10\/quinta-das-raiadas.png\" title=\"quinta-das-raiadas\" alt=\"quinta-das-raiadas\" loading=\"lazy\" \/>\t\t\t\t\t\t\t\t\t\t\t\t\t\t\t<\/div>\n\t\t\t\t<\/div>\n\t\t\t\t\t<\/div>\n\t\t\t\t<\/a>\n\t\t\t\t<\/div>\n\t\t<style id=\"loop-dynamic-609\">.e-loop-item-637 .elementor-element.elementor-element-3f6b8a2:not(.elementor-motion-effects-element-type-background), .e-loop-item-637 .elementor-element.elementor-element-3f6b8a2 > .elementor-motion-effects-container > .elementor-motion-effects-layer{background-image:url(\"https:\/\/gonzagamedia.com\/wp-content\/uploads\/2023\/10\/sao-miguel-sail.jpg\");}<\/style>\t\t<div data-elementor-type=\"loop-item\" data-elementor-id=\"609\" class=\"elementor elementor-609 e-loop-item e-loop-item-637 post-637 projeto type-projeto status-publish hentry\" data-elementor-post-type=\"elementor_library\" data-custom-edit-handle=\"1\">\n\t\t\t<a class=\"elementor-element elementor-element-3f6b8a2 e-flex e-con-boxed e-con e-parent\" data-id=\"3f6b8a2\" data-element_type=\"container\" data-e-type=\"container\" data-settings=\"{&quot;background_background&quot;:&quot;classic&quot;}\" href=\"https:\/\/gonzagamedia.com\/en\/projeto\/sao-miguel-sail\/\">\n\t\t\t\t\t<div class=\"e-con-inner\">\n\t\t\t\t<div class=\"elementor-element elementor-element-2cea7d0 elementor-widget elementor-widget-image\" data-id=\"2cea7d0\" data-element_type=\"widget\" data-e-type=\"widget\" data-widget_type=\"image.default\">\n\t\t\t\t<div class=\"elementor-widget-container\">\n\t\t\t\t\t\t\t\t\t\t\t\t\t\t\t<img decoding=\"async\" src=\"https:\/\/gonzagamedia.com\/wp-content\/uploads\/2023\/10\/sao-miguel-sail.png\" title=\"sao-miguel-sail\" alt=\"sao-miguel-sail\" loading=\"lazy\" \/>\t\t\t\t\t\t\t\t\t\t\t\t\t\t\t<\/div>\n\t\t\t\t<\/div>\n\t\t\t\t\t<\/div>\n\t\t\t\t<\/a>\n\t\t\t\t<\/div>\n\t\t<style id=\"loop-dynamic-609\">.e-loop-item-635 .elementor-element.elementor-element-3f6b8a2:not(.elementor-motion-effects-element-type-background), .e-loop-item-635 .elementor-element.elementor-element-3f6b8a2 > .elementor-motion-effects-container > .elementor-motion-effects-layer{background-image:url(\"https:\/\/gonzagamedia.com\/wp-content\/uploads\/2023\/10\/bezuga.jpg\");}<\/style>\t\t<div data-elementor-type=\"loop-item\" data-elementor-id=\"609\" class=\"elementor elementor-609 e-loop-item e-loop-item-635 post-635 projeto type-projeto status-publish hentry\" data-elementor-post-type=\"elementor_library\" data-custom-edit-handle=\"1\">\n\t\t\t<a class=\"elementor-element elementor-element-3f6b8a2 e-flex e-con-boxed e-con e-parent\" data-id=\"3f6b8a2\" data-element_type=\"container\" data-e-type=\"container\" data-settings=\"{&quot;background_background&quot;:&quot;classic&quot;}\" href=\"https:\/\/gonzagamedia.com\/en\/projeto\/bezuga-content\/\">\n\t\t\t\t\t<div class=\"e-con-inner\">\n\t\t\t\t<div class=\"elementor-element elementor-element-2cea7d0 elementor-widget elementor-widget-image\" data-id=\"2cea7d0\" data-element_type=\"widget\" data-e-type=\"widget\" data-widget_type=\"image.default\">\n\t\t\t\t<div class=\"elementor-widget-container\">\n\t\t\t\t\t\t\t\t\t\t\t\t\t\t\t<img decoding=\"async\" src=\"https:\/\/gonzagamedia.com\/wp-content\/uploads\/2023\/10\/bezuga.png\" title=\"bezuga\" alt=\"bezuga\" loading=\"lazy\" \/>\t\t\t\t\t\t\t\t\t\t\t\t\t\t\t<\/div>\n\t\t\t\t<\/div>\n\t\t\t\t\t<\/div>\n\t\t\t\t<\/a>\n\t\t\t\t<\/div>\n\t\t<style id=\"loop-dynamic-609\">.e-loop-item-627 .elementor-element.elementor-element-3f6b8a2:not(.elementor-motion-effects-element-type-background), .e-loop-item-627 .elementor-element.elementor-element-3f6b8a2 > .elementor-motion-effects-container > .elementor-motion-effects-layer{background-image:url(\"https:\/\/gonzagamedia.com\/wp-content\/uploads\/2023\/10\/londrina.jpg\");}<\/style>\t\t<div data-elementor-type=\"loop-item\" data-elementor-id=\"609\" class=\"elementor elementor-609 e-loop-item e-loop-item-627 post-627 projeto type-projeto status-publish has-post-thumbnail hentry\" data-elementor-post-type=\"elementor_library\" data-custom-edit-handle=\"1\">\n\t\t\t<a class=\"elementor-element elementor-element-3f6b8a2 e-flex e-con-boxed e-con e-parent\" data-id=\"3f6b8a2\" data-element_type=\"container\" data-e-type=\"container\" data-settings=\"{&quot;background_background&quot;:&quot;classic&quot;}\" href=\"https:\/\/gonzagamedia.com\/en\/projeto\/londrina-3\/\">\n\t\t\t\t\t<div class=\"e-con-inner\">\n\t\t\t\t<div class=\"elementor-element elementor-element-2cea7d0 elementor-widget elementor-widget-image\" data-id=\"2cea7d0\" data-element_type=\"widget\" data-e-type=\"widget\" data-widget_type=\"image.default\">\n\t\t\t\t<div class=\"elementor-widget-container\">\n\t\t\t\t\t\t\t\t\t\t\t\t\t\t\t<img decoding=\"async\" src=\"https:\/\/gonzagamedia.com\/wp-content\/uploads\/2023\/10\/londrina-1.png\" title=\"londrina\" alt=\"londrina\" loading=\"lazy\" \/>\t\t\t\t\t\t\t\t\t\t\t\t\t\t\t<\/div>\n\t\t\t\t<\/div>\n\t\t\t\t\t<\/div>\n\t\t\t\t<\/a>\n\t\t\t\t<\/div>\n\t\t<style id=\"loop-dynamic-609\">.e-loop-item-618 .elementor-element.elementor-element-3f6b8a2:not(.elementor-motion-effects-element-type-background), .e-loop-item-618 .elementor-element.elementor-element-3f6b8a2 > .elementor-motion-effects-container > .elementor-motion-effects-layer{background-image:url(\"https:\/\/gonzagamedia.com\/wp-content\/uploads\/2023\/10\/osolemio.jpg\");}<\/style>\t\t<div data-elementor-type=\"loop-item\" data-elementor-id=\"609\" class=\"elementor elementor-609 e-loop-item e-loop-item-618 post-618 projeto type-projeto status-publish has-post-thumbnail hentry institucional-criacao-de-websites institucional-fotografia institucional-institucional institucional-video\" data-elementor-post-type=\"elementor_library\" data-custom-edit-handle=\"1\">\n\t\t\t<a class=\"elementor-element elementor-element-3f6b8a2 e-flex e-con-boxed e-con e-parent\" data-id=\"3f6b8a2\" data-element_type=\"container\" data-e-type=\"container\" data-settings=\"{&quot;background_background&quot;:&quot;classic&quot;}\" href=\"https:\/\/gonzagamedia.com\/en\/projeto\/o-sole-mio\/\">\n\t\t\t\t\t<div class=\"e-con-inner\">\n\t\t\t\t<div class=\"elementor-element elementor-element-2cea7d0 elementor-widget elementor-widget-image\" data-id=\"2cea7d0\" data-element_type=\"widget\" data-e-type=\"widget\" data-widget_type=\"image.default\">\n\t\t\t\t<div class=\"elementor-widget-container\">\n\t\t\t\t\t\t\t\t\t\t\t\t\t\t\t<img decoding=\"async\" src=\"https:\/\/gonzagamedia.com\/wp-content\/uploads\/2023\/10\/osolemio.png\" title=\"osolemio\" alt=\"osolemio\" loading=\"lazy\" \/>\t\t\t\t\t\t\t\t\t\t\t\t\t\t\t<\/div>\n\t\t\t\t<\/div>\n\t\t\t\t\t<\/div>\n\t\t\t\t<\/a>\n\t\t\t\t<\/div>\n\t\t\t\t<\/div>\n\t\t\n\t\t\t\t\t\t<\/div>\n\t\t\t\t<\/div>\n\t\t\t\t\t<\/div>\n\t\t\t\t<\/div>\n\t\t\t\t<\/div>","protected":false},"excerpt":{"rendered":"<p>Portfolio Cria\u00e7\u00e3o de Websites Fotografia Institucional V\u00eddeo All<\/p>","protected":false},"author":1,"featured_media":0,"parent":0,"menu_order":0,"comment_status":"closed","ping_status":"closed","template":"","meta":{"_acf_changed":false,"_monsterinsights_skip_tracking":false,"_monsterinsights_sitenote_active":false,"_monsterinsights_sitenote_note":"","_monsterinsights_sitenote_category":0,"footnotes":""},"class_list":["post-390","page","type-page","status-publish","hentry"],"acf":[],"aioseo_notices":[],"_links":{"self":[{"href":"https:\/\/gonzagamedia.com\/en\/wp-json\/wp\/v2\/pages\/390","targetHints":{"allow":["GET"]}}],"collection":[{"href":"https:\/\/gonzagamedia.com\/en\/wp-json\/wp\/v2\/pages"}],"about":[{"href":"https:\/\/gonzagamedia.com\/en\/wp-json\/wp\/v2\/types\/page"}],"author":[{"embeddable":true,"href":"https:\/\/gonzagamedia.com\/en\/wp-json\/wp\/v2\/users\/1"}],"replies":[{"embeddable":true,"href":"https:\/\/gonzagamedia.com\/en\/wp-json\/wp\/v2\/comments?post=390"}],"version-history":[{"count":43,"href":"https:\/\/gonzagamedia.com\/en\/wp-json\/wp\/v2\/pages\/390\/revisions"}],"predecessor-version":[{"id":2289,"href":"https:\/\/gonzagamedia.com\/en\/wp-json\/wp\/v2\/pages\/390\/revisions\/2289"}],"wp:attachment":[{"href":"https:\/\/gonzagamedia.com\/en\/wp-json\/wp\/v2\/media?parent=390"}],"curies":[{"name":"wp","href":"https:\/\/api.w.org\/{rel}","templated":true}]}}