{"id":388,"date":"2023-09-21T09:41:14","date_gmt":"2023-09-21T09:41:14","guid":{"rendered":"http:\/\/gonzagamedia.com\/?page_id=388"},"modified":"2026-03-21T18:31:24","modified_gmt":"2026-03-21T18:31:24","slug":"sobre","status":"publish","type":"page","link":"https:\/\/gonzagamedia.com\/en\/sobre\/","title":{"rendered":"About"},"content":{"rendered":"<div data-elementor-type=\"wp-page\" data-elementor-id=\"388\" class=\"elementor elementor-388\" data-elementor-post-type=\"page\">\n\t\t\t\t<div class=\"elementor-element elementor-element-e19a3f5 e-flex e-con-boxed e-con e-parent\" data-id=\"e19a3f5\" data-element_type=\"container\" data-e-type=\"container\" data-settings=\"{&quot;background_background&quot;:&quot;classic&quot;}\">\n\t\t\t\t\t<div class=\"e-con-inner\">\n\t\t\t\t<div class=\"elementor-element elementor-element-1c0365f elementor-widget elementor-widget-heading\" data-id=\"1c0365f\" data-element_type=\"widget\" data-e-type=\"widget\" data-widget_type=\"heading.default\">\n\t\t\t\t<div class=\"elementor-widget-container\">\n\t\t\t\t\t<h2 class=\"elementor-heading-title elementor-size-default\">Behind the Lens<\/h2>\t\t\t\t<\/div>\n\t\t\t\t<\/div>\n\t\t\t\t\t<\/div>\n\t\t\t\t<\/div>\n\t\t<div class=\"elementor-element elementor-element-c0c8cab e-flex e-con-boxed e-con e-parent\" data-id=\"c0c8cab\" data-element_type=\"container\" data-e-type=\"container\" data-settings=\"{&quot;background_background&quot;:&quot;classic&quot;}\">\n\t\t\t\t\t<div class=\"e-con-inner\">\n\t\t<div class=\"elementor-element elementor-element-406f8e0 e-con-full e-flex e-con e-child\" data-id=\"406f8e0\" data-element_type=\"container\" data-e-type=\"container\">\n\t\t\t\t<div class=\"elementor-element elementor-element-0ec8a7a elementor-widget elementor-widget-heading\" data-id=\"0ec8a7a\" data-element_type=\"widget\" data-e-type=\"widget\" data-widget_type=\"heading.default\">\n\t\t\t\t<div class=\"elementor-widget-container\">\n\t\t\t\t\t<h2 class=\"elementor-heading-title elementor-size-default\">The Origin<\/h2>\t\t\t\t<\/div>\n\t\t\t\t<\/div>\n\t\t\t\t<div class=\"elementor-element elementor-element-95cdc0e elementor-widget elementor-widget-text-editor\" data-id=\"95cdc0e\" data-element_type=\"widget\" data-e-type=\"widget\" data-widget_type=\"text-editor.default\">\n\t\t\t\t<div class=\"elementor-widget-container\">\n\t\t\t\t\t\t\t\t\t<p>Founded in 2018, Gonzaga Media was born in Ponta Delgada, on the beautiful island of S\u00e3o Miguel, Azores, created by a group of creative individuals passionate about content creation. The inspiration came from both the region's unique landscapes and the desire to tell impactful and authentic stories.<\/p>\t\t\t\t\t\t\t\t<\/div>\n\t\t\t\t<\/div>\n\t\t\t\t<\/div>\n\t\t<div class=\"elementor-element elementor-element-b2528e6 e-con-full e-flex e-con e-child\" data-id=\"b2528e6\" data-element_type=\"container\" data-e-type=\"container\">\n\t\t\t\t<div class=\"elementor-element elementor-element-c5a46bf elementor-widget elementor-widget-heading\" data-id=\"c5a46bf\" data-element_type=\"widget\" data-e-type=\"widget\" data-widget_type=\"heading.default\">\n\t\t\t\t<div class=\"elementor-widget-container\">\n\t\t\t\t\t<h2 class=\"elementor-heading-title elementor-size-default\">The Purpose<\/h2>\t\t\t\t<\/div>\n\t\t\t\t<\/div>\n\t\t\t\t<div class=\"elementor-element elementor-element-d389dbb elementor-widget elementor-widget-text-editor\" data-id=\"d389dbb\" data-element_type=\"widget\" data-e-type=\"widget\" data-widget_type=\"text-editor.default\">\n\t\t\t\t<div class=\"elementor-widget-container\">\n\t\t\t\t\t\t\t\t\t<p>From the beginning, we focused on producing videos, cinema, and photography, creating content that captures the essence of brands, products, and moments. Over time, we expanded our offering to include design, marketing, and website creation, delivering complete and innovative solutions to our clients.<\/p>\t\t\t\t\t\t\t\t<\/div>\n\t\t\t\t<\/div>\n\t\t\t\t<\/div>\n\t\t<div class=\"elementor-element elementor-element-a3de208 e-con-full e-flex e-con e-child\" data-id=\"a3de208\" data-element_type=\"container\" data-e-type=\"container\">\n\t\t\t\t<div class=\"elementor-element elementor-element-d82e128 elementor-widget elementor-widget-heading\" data-id=\"d82e128\" data-element_type=\"widget\" data-e-type=\"widget\" data-widget_type=\"heading.default\">\n\t\t\t\t<div class=\"elementor-widget-container\">\n\t\t\t\t\t<h2 class=\"elementor-heading-title elementor-size-default\">The Passion<\/h2>\t\t\t\t<\/div>\n\t\t\t\t<\/div>\n\t\t\t\t<div class=\"elementor-element elementor-element-5a1595a elementor-widget elementor-widget-text-editor\" data-id=\"5a1595a\" data-element_type=\"widget\" data-e-type=\"widget\" data-widget_type=\"text-editor.default\">\n\t\t\t\t<div class=\"elementor-widget-container\">\n\t\t\t\t\t\t\t\t\t<p>What drives us is creativity and a commitment to excellence. Each project is a new opportunity to explore fresh ideas and transform concepts into visual reality. Whether for small local businesses or international clients, we always work with the same goal: to create impact and generate emotional connections with the audience.<\/p>\t\t\t\t\t\t\t\t<\/div>\n\t\t\t\t<\/div>\n\t\t\t\t<\/div>\n\t\t\t\t\t<\/div>\n\t\t\t\t<\/div>\n\t\t<div class=\"elementor-element elementor-element-80742a6 e-flex e-con-boxed e-con e-parent\" data-id=\"80742a6\" data-element_type=\"container\" data-e-type=\"container\" data-settings=\"{&quot;background_background&quot;:&quot;classic&quot;}\">\n\t\t\t\t\t<div class=\"e-con-inner\">\n\t\t\t\t<div class=\"elementor-element elementor-element-2dc1b84 elementor-widget elementor-widget-heading\" data-id=\"2dc1b84\" data-element_type=\"widget\" data-e-type=\"widget\" data-widget_type=\"heading.default\">\n\t\t\t\t<div class=\"elementor-widget-container\">\n\t\t\t\t\t<h2 class=\"elementor-heading-title elementor-size-default\">The Power of Image<\/h2>\t\t\t\t<\/div>\n\t\t\t\t<\/div>\n\t\t\t\t<div class=\"elementor-element elementor-element-4c32999 elementor-widget elementor-widget-text-editor\" data-id=\"4c32999\" data-element_type=\"widget\" data-e-type=\"widget\" data-widget_type=\"text-editor.default\">\n\t\t\t\t<div class=\"elementor-widget-container\">\n\t\t\t\t\t\t\t\t\t<p>At Gonzaga Media, we believe that the power of image, narrative, and digital strategy can transform businesses. We work with passion and commitment to offer creative and innovative solutions that help companies grow and stand out, whether locally or internationally.<\/p>\t\t\t\t\t\t\t\t<\/div>\n\t\t\t\t<\/div>\n\t\t\t\t<div class=\"elementor-element elementor-element-a47a605 elementor-widget elementor-widget-text-editor\" data-id=\"a47a605\" data-element_type=\"widget\" data-e-type=\"widget\" data-widget_type=\"text-editor.default\">\n\t\t\t\t<div class=\"elementor-widget-container\">\n\t\t\t\t\t\t\t\t\t<p><a href=\"https:\/\/gonzagamedia.com\/en\/contact-us\/\"><strong><span style=\"text-decoration: underline;\">Challlenge us<\/span><\/strong><\/a> to tell your story and elevate your project to the next level!<\/p>\t\t\t\t\t\t\t\t<\/div>\n\t\t\t\t<\/div>\n\t\t\t\t\t<\/div>\n\t\t\t\t<\/div>\n\t\t\t\t<\/div>","protected":false},"excerpt":{"rendered":"<p>Por Tr\u00e1s das Lentes A Origem Fundada em 2018, a Gonzaga Media nasceu em Ponta Delgada, na bela ilha de S\u00e3o Miguel, A\u00e7ores, criada por um grupo de indiv\u00edduos criativos e apaixonados pela cria\u00e7\u00e3o de conte\u00fado. A inspira\u00e7\u00e3o veio tanto das paisagens \u00fanicas da regi\u00e3o como da vontade de contar hist\u00f3rias impactantes e aut\u00eanticas. O [&hellip;]<\/p>","protected":false},"author":1,"featured_media":0,"parent":0,"menu_order":0,"comment_status":"closed","ping_status":"closed","template":"","meta":{"_acf_changed":false,"_monsterinsights_skip_tracking":false,"_monsterinsights_sitenote_active":false,"_monsterinsights_sitenote_note":"","_monsterinsights_sitenote_category":0,"footnotes":""},"class_list":["post-388","page","type-page","status-publish","hentry"],"acf":[],"aioseo_notices":[],"_links":{"self":[{"href":"https:\/\/gonzagamedia.com\/en\/wp-json\/wp\/v2\/pages\/388","targetHints":{"allow":["GET"]}}],"collection":[{"href":"https:\/\/gonzagamedia.com\/en\/wp-json\/wp\/v2\/pages"}],"about":[{"href":"https:\/\/gonzagamedia.com\/en\/wp-json\/wp\/v2\/types\/page"}],"author":[{"embeddable":true,"href":"https:\/\/gonzagamedia.com\/en\/wp-json\/wp\/v2\/users\/1"}],"replies":[{"embeddable":true,"href":"https:\/\/gonzagamedia.com\/en\/wp-json\/wp\/v2\/comments?post=388"}],"version-history":[{"count":79,"href":"https:\/\/gonzagamedia.com\/en\/wp-json\/wp\/v2\/pages\/388\/revisions"}],"predecessor-version":[{"id":2320,"href":"https:\/\/gonzagamedia.com\/en\/wp-json\/wp\/v2\/pages\/388\/revisions\/2320"}],"wp:attachment":[{"href":"https:\/\/gonzagamedia.com\/en\/wp-json\/wp\/v2\/media?parent=388"}],"curies":[{"name":"wp","href":"https:\/\/api.w.org\/{rel}","templated":true}]}}